{"id":1058,"date":"2022-10-06T11:37:03","date_gmt":"2022-10-06T09:37:03","guid":{"rendered":"https:\/\/deturner.com\/?page_id=1058"},"modified":"2022-10-10T15:05:03","modified_gmt":"2022-10-10T13:05:03","slug":"only-coating-pl","status":"publish","type":"page","link":"https:\/\/deturner.com\/old\/pl\/only-coating\/only-coating-pl\/","title":{"rendered":"Only coating pl"},"content":{"rendered":"<section class=\"coating-header\" id=\"block_coatingheader\">\n\n\t<div class=\"container\">\n\n\n\t\t<div class=\"coating-head__image coating-head__image--1\">\n\n\n\t\t\t<img decoding=\"async\" src=\"https:\/\/deturner.com\/old\/wp-content\/themes\/basetheme\/images\/only_coating\/only_coating_image_1.png\">\n\t\t<\/div>\n\t\t<div class=\"coating-head__image coating-head__image--2\">\n\n\n\t\t\t<img decoding=\"async\" src=\"https:\/\/deturner.com\/old\/wp-content\/themes\/basetheme\/images\/only_coating\/only_coating_image_2.png\">\n\t\t<\/div>\n\n\t\t<h1 class=\"title-x coating-head__title\">\n\t\t\tONLY\n\t\t\tCoating\n\t\t<\/h1>\n\n\t<\/div>\n\n<\/section>\n\n<section class=\"coating-info\" id=\"block_coatinginfo\">\n\t<img decoding=\"async\" data-rellax-speed=\"3\" class=\"coating-info__image js-rellax\" src=\"https:\/\/deturner.com\/old\/wp-content\/themes\/basetheme\/images\/only_coating\/porsche.png\">\n\n\t<div class=\"container\">\n\n\t\t<div class=\"row\">\n\t\t\t<div data-aos=\"fade-left\" class=\"col-lg-5 offset-lg-7 coating-info__text text-x\">\n\t\t\t\t<h2>Deturner<br \/>\nThe Only Coating<\/h2>\n<h4>Wysokiej jako\u015bci pow\u0142oka ochronna na lakier, przeznaczona dla amator\u00f3w oraz do u\u017cytku profesjonalnego. Cechuje si\u0119 \u0142atw\u0105 aplikacj\u0105 podobn\u0105 do Quick Detailer\u00f3w, dlatego polecana jest w szczeg\u00f3lno\u015bci dla os\u00f3b pocz\u0105tkuj\u0105cych. Dodatkowo mo\u017cna j\u0105 aplikowa\u0107 jako Top Coat na inne pow\u0142oki.<\/h4>\n<p>Tworzy powierzchnie odporn\u0105 na warunki atmosferyczne w tym mikro zarysowania oraz promieniowanie UV, kt\u00f3re potrafi zniszczy\u0107 koloryt lakieru. Jest odporna na agresywn\u0105 chemie w tym rozcie\u0144czone kwasy i zasady.<\/p>\n<p>Po aplikacji zapewnia efekt krystalicznej szklisto\u015bci, \u015blisko\u015bci oraz znacznego przyciemnienia lakieru i g\u0142adko\u015bci. W rezultacie samooczyszczanie oraz zjawiskowa hydrofobowo\u015b\u0107, utrzymuje si\u0119 do 12 miesi\u0119cy lub 20.000 km\/50 my\u0107 detailingowych.<\/p>\n\n\t\t\t<\/div>\n\n\t\t<\/div>\n\t<\/div>\n\n<\/section>\n\n<section class=\"coating-char\" id=\"block_coatingchar\">\n\n\t<div class=\"container\">\n\t\t<div data-aos=\"fade\" class=\"coating-char__title title\">\n\t\t\tCHARAKTERYSTYKA POW\u0141OKI:\r\n\t\t<\/div>\n\n\t\t<div class=\"coating-char__row\">\n\t\t\t\t\t\t<div data-aos=\"fade\" style=\"transition-delay:0ms !important\" class=\"coating-char__col\">\n\n\t\t\t\t<div class=\"coating-char__item\">\n\t\t\t\t\t<div>\n\t\t\t\t\t\t<img decoding=\"async\" src=\"https:\/\/deturner.com\/old\/wp-content\/themes\/basetheme\/images\/only_coating\/icons\/icon-1.svg\">\n\t\t\t\t\t<\/div>\n\t\t\t\t\t<div>\n\t\t\t\t\t\tOdporna na chemi\u0119 <br \/>\r\nw granicach 2-12 pH.<br \/>\r\n\t\t\t\t\t<\/div>\n\t\t\t\t<\/div>\n\n\t\t\t<\/div>\n\t\t\t\t\t\t<div data-aos=\"fade\" style=\"transition-delay:100ms !important\" class=\"coating-char__col\">\n\n\t\t\t\t<div class=\"coating-char__item\">\n\t\t\t\t\t<div>\n\t\t\t\t\t\t<img decoding=\"async\" src=\"https:\/\/deturner.com\/old\/wp-content\/themes\/basetheme\/images\/only_coating\/icons\/icon-2.svg\">\n\t\t\t\t\t<\/div>\n\t\t\t\t\t<div>\n\t\t\t\t\t\tMo\u017cna stosowa\u0107 na: powierzchniach lakierowanych, reflektorach, tworzywach sztucznych, bezbarwnych foliach ochronnych.\t\t\t\t\t<\/div>\n\t\t\t\t<\/div>\n\n\t\t\t<\/div>\n\t\t\t\t\t\t<div data-aos=\"fade\" style=\"transition-delay:200ms !important\" class=\"coating-char__col\">\n\n\t\t\t\t<div class=\"coating-char__item\">\n\t\t\t\t\t<div>\n\t\t\t\t\t\t<img decoding=\"async\" src=\"https:\/\/deturner.com\/old\/wp-content\/themes\/basetheme\/images\/only_coating\/icons\/icon-3.svg\">\n\t\t\t\t\t<\/div>\n\t\t\t\t\t<div>\n\t\t\t\t\t\tCzas ochrony: <br \/>\r\n12 miesi\u0119cy \/ 20.000 km \/ 50 my\u0107 detailingowych.<br \/>\r\n\t\t\t\t\t<\/div>\n\t\t\t\t<\/div>\n\n\t\t\t<\/div>\n\t\t\t\t\t\t<div data-aos=\"fade\" style=\"transition-delay:300ms !important\" class=\"coating-char__col\">\n\n\t\t\t\t<div class=\"coating-char__item\">\n\t\t\t\t\t<div>\n\t\t\t\t\t\t<img decoding=\"async\" src=\"https:\/\/deturner.com\/old\/wp-content\/themes\/basetheme\/images\/only_coating\/icons\/icon-4.svg\">\n\t\t\t\t\t<\/div>\n\t\t\t\t\t<div>\n\t\t\t\t\t\tWydajna, wystarcza 20-30ml na \u015bredniej wielko\u015bci samoch\u00f3d.<br \/>\r\n\t\t\t\t\t<\/div>\n\t\t\t\t<\/div>\n\n\t\t\t<\/div>\n\t\t\t\t\t\t<div data-aos=\"fade\" style=\"transition-delay:400ms !important\" class=\"coating-char__col\">\n\n\t\t\t\t<div class=\"coating-char__item\">\n\t\t\t\t\t<div>\n\t\t\t\t\t\t<img decoding=\"async\" src=\"https:\/\/deturner.com\/old\/wp-content\/themes\/basetheme\/images\/only_coating\/icons\/icon-5.svg\">\n\t\t\t\t\t<\/div>\n\t\t\t\t\t<div>\n\t\t\t\t\t\tJednowarstwowa,<br \/>\r\nbez konieczno\u015bci aplikacji drugiej warstwy.\t\t\t\t\t<\/div>\n\t\t\t\t<\/div>\n\n\t\t\t<\/div>\n\t\t\t\t\t\t<div data-aos=\"fade\" style=\"transition-delay:500ms !important\" class=\"coating-char__col\">\n\n\t\t\t\t<div class=\"coating-char__item\">\n\t\t\t\t\t<div>\n\t\t\t\t\t\t<img decoding=\"async\" src=\"https:\/\/deturner.com\/old\/wp-content\/themes\/basetheme\/images\/only_coating\/icons\/icon-6.svg\">\n\t\t\t\t\t<\/div>\n\t\t\t\t\t<div>\n\t\t\t\t\t\tWi\u0105\u017ce si\u0119 z lakierem<br \/>\r\nju\u017c po 24 godzinach.\t\t\t\t\t<\/div>\n\t\t\t\t<\/div>\n\n\t\t\t<\/div>\n\t\t\t\t\t\t<div data-aos=\"fade\" style=\"transition-delay:600ms !important\" class=\"coating-char__col\">\n\n\t\t\t\t<div class=\"coating-char__item\">\n\t\t\t\t\t<div>\n\t\t\t\t\t\t<img decoding=\"async\" src=\"https:\/\/deturner.com\/old\/wp-content\/themes\/basetheme\/images\/only_coating\/icons\/icon-7.svg\">\n\t\t\t\t\t<\/div>\n\t\t\t\t\t<div>\n\t\t\t\t\t\tDobrze wype\u0142nia<br \/>\r\nmikro zarysowania <br \/>\r\nna lakierze auta.\t\t\t\t\t<\/div>\n\t\t\t\t<\/div>\n\n\t\t\t<\/div>\n\t\t\t\t\t\t<div data-aos=\"fade\" style=\"transition-delay:700ms !important\" class=\"coating-char__col\">\n\n\t\t\t\t<div class=\"coating-char__item\">\n\t\t\t\t\t<div>\n\t\t\t\t\t\t<img decoding=\"async\" src=\"https:\/\/deturner.com\/old\/wp-content\/themes\/basetheme\/images\/only_coating\/icons\/icon-8.svg\">\n\t\t\t\t\t<\/div>\n\t\t\t\t\t<div>\n\t\t\t\t\t\tMo\u017cliwo\u015b\u0107 aplikacji<br \/>\r\npow\u0142oki na zewn\u0105trz.\t\t\t\t\t<\/div>\n\t\t\t\t<\/div>\n\n\t\t\t<\/div>\n\t\t\t\n\t\t<\/div>\n\t<\/div>\n\n<\/section>\n\n<section class=\"coating-instruction\" id=\"block_coatinginstruction\">\n\t<img data-aos=\"fade-right\" class=\"coating-instruction__image\"\n\t\tsrc=\"https:\/\/deturner.com\/old\/wp-content\/themes\/basetheme\/images\/only_coating\/instruction_vehicle.png\">\n\n\t<div class=\"container\">\n\t\t<div class=\"title coating-instruction__title\">\n\t\t\tINSTRUKCJA\n\t\t<\/div>\n\n\t\t<div class=\"row\">\n\t\t\t<div data-aos=\"fade\" class=\"col-lg-5 offset-lg-7 coating-instruction__text position-relative\">\n\t\t\t\t<div class=\"number number-position\">\n\t\t\t\t\t01\n\t\t\t\t<\/div>\n\n\n\n\t\t\t\t<div class=\"text-x position-relative\">\n\t\t\t\t\t<h4>PRZYGOTOWANIE<br \/>\nPOWIERZCHNI:<\/h4>\n<ul>\n<li>Powierzchnia lakieru musi zosta\u0107 umyta, oczyszczona z wszelkich zanieczyszcze\u0144 oraz opcjonalnie spolerowana. Sugerujemy dekontaminacje mechaniczn\u0105 lub chemiczn\u0105 oraz jednoetapow\u0105 korekt\u0119 lakieru.<\/li>\n<li>Przygotowa\u0107 powierzchnie, odt\u0142uszczaj\u0105c j\u0105 za pomoc\u0105 Deturner PREPARE, najlepiej dwukrotnie.<\/li>\n<li>Aplikacja pow\u0142oki mo\u017ce r\u00f3wnie\u017c odbywa\u0107 si\u0119 na zewn\u0105trz, unikaj\u0105c nadmiernego nas\u0142onecznienia.<\/li>\n<li>Idealne warunki pracy to temperatura w zakresie 15-25\u00b0C.<\/li>\n<\/ul>\n\t\t\t\t<\/div>\n\n\t\t\t<\/div>\n\n\t\t<\/div>\n\t<\/div>\n\n<\/section>\n\n<section class=\"coating-insert\" id=\"block_coatinginsert\">\n\t<img decoding=\"async\" data-aos=\"fade\" src=\"https:\/\/deturner.com\/old\/wp-content\/themes\/basetheme\/images\/only_coating\/insert_bg.png\"\n\t\tclass=\"coating-insert__bg\">\n\t<img decoding=\"async\" data-aos=\"fade-left\" src=\"https:\/\/deturner.com\/old\/wp-content\/themes\/basetheme\/images\/only_coating\/insert_hand.png\"\n\t\tclass=\"coating-insert__hand\">\n\n\t<div class=\"container\">\n\t\t<div class=\"row\">\n\t\t\t<div data-aos=\"fade\" style=\"transition-delay:200ms !important\" class=\"col-lg-5 position-relative\">\n\t\t\t\t<div class=\"number-position number\">\n\t\t\t\t\t02\n\t\t\t\t<\/div>\n\t\t\t\t<div class=\"title-small pb-lg-5 pb-4 position-relative\">\n\t\t\t\t\tAPLIKACJA <br \/>\r\nPOW\u0141OKI:\n\t\t\t\t<\/div>\n\t\t\t\t<div class=\"text-x coating-insert__text\">\n\t\t\t\t\t<ul>\n<li>Wstrz\u0105sn\u0105\u0107 dok\u0142adnie butelk\u0119 z pow\u0142ok\u0105.<\/li>\n<li>Do aplikacji u\u017cyj wysokiej jako\u015bci mikrofibr o zr\u00f3\u017cnicowanych gramaturach. Zagwarantuje to poprawn\u0105 i odpowiedni\u0105 aplikacje.<\/li>\n<li>Zadbaj o odpowiednie o\u015bwietlenie podczas aplikacji.<\/li>\n<li>Nanie\u015b obficie pow\u0142ok\u0119 za pomoc\u0105 atomizera na powierzchni\u0119 lakieru, a nast\u0119pnie rozprowad\u017a j\u0105 za pomoc\u0105 czystej, suchej i ma\u0142o ch\u0142onnej mikrofibry.<\/li>\n<li>Mo\u017cna r\u00f3wnie\u017c aplikowa\u0107 bezpo\u015brednio na mikrofibr\u0119 i rozciera\u0107 po lakierze oraz w tradycyjny spos\u00f3b za pomoc\u0105 mikrofibry typu suede.<\/li>\n<li>Mo\u017cna aplikowa\u0107 na ca\u0142y element pod warunkiem, \u017ce jest dosy\u0107 ma\u0142y. Przy du\u017cych elementach, powierzchnie podzieli\u0107 na minimum dwie cz\u0119\u015bci.<\/li>\n<li>Po 5 minutach od aplikacji, rozpocz\u0105\u0107 docieranie za pomoc\u0105 czystej mikrofibry. Do pierwszego dotarcia mo\u017cna zastosowa\u0107 mikrofibr\u0119 o podwy\u017cszonej gramaturze, a ko\u0144cowe dotarcie zrobi\u0107 za pomoc\u0105 cienkiej mikrofibry.<\/li>\n<li>Pow\u0142oka w wy\u017cszych temperaturach mo\u017ce szybciej wysycha\u0107.<\/li>\n<\/ul>\n\t\t\t\t<\/div>\n\n\t\t\t<\/div>\n\t\t<\/div>\n\t\t<div class=\"row\">\n\t\t\t<div class=\"col-lg-8\">\n\t\t\t\t<div class=\"row align-items-center pb-3\">\n\t\t\t\t\t<div class=\"col-auto text-small \">\n\t\t\t\t\t\tUWAGA\t\t\t\t\t<\/div>\n\t\t\t\t\t<div class=\"col\">\n\t\t\t\t\t\t<div class=\"coating-insert__hr\">\n\t\t\t\t\t\t<\/div>\n\t\t\t\t\t<\/div>\n\t\t\t\t<\/div>\n\t\t\t\t<div class=\"text-small\">\n\t\t\t\t\tW ci\u0105gu 14 dni od aplikacji pow\u0142oka ca\u0142kowicie si\u0119 utwardzi. Istotne jest, \u017ceby nie doprowadzi\u0107 do nadmiernego zabrudzenia, szczeg\u00f3lnie dolnych cz\u0119\u015bci drzwi &#8211; stracimy wtedy w znacznym stopniu w\u0142a\u015bciwo\u015bci hydrofobowe. Je\u015bli taka sytuacja b\u0119dzie mia\u0142a miejsce, warto umy\u0107 samoch\u00f3d neutralnym szamponem ni\u017c zostawi\u0107 zabrudzenia na powierzchni.\t\t\t\t<\/div>\n\t\t\t<\/div>\n\t\t<\/div>\n\t<\/div>\n<\/section>\n\n<section class=\"coating-care\" id=\"block_coatingcare\">\n\n\t<img data-aos=\"fade\" class=\"coating-care__img\"\n\t\tsrc=\"https:\/\/deturner.com\/old\/wp-content\/themes\/basetheme\/images\/only_coating\/coating_care.png\">\n\n\t<div class=\"container\">\n\n\t\t<div class=\"row\">\n\t\t\t<div data-aos=\"fade\" style=\"transition-delay:300ms !important\"\n\t\t\t\tclass=\"col-lg-5 offset-lg-7 coating-care__col\">\n\n\n\t\t\t\t<div class=\"number number-position\">\n\t\t\t\t\t03\n\n\t\t\t\t<\/div>\n\t\t\t\t<div class=\"text-x position-relative\">\n\t\t\t\t\t<h4>PIEL\u0118GNACJA:<\/h4>\n<ul>\n<li>Bie\u017c\u0105c\u0105 piel\u0119gnacje zacz\u0105\u0107 od zmi\u0119kczenia zabrudze\u0144 za pomoc\u0105 Deturner FOAM. Nast\u0119pnie wykorzystaj metod\u0119 mycia na dwa wiadra, u\u017cywaj\u0105c neutralnego szamponu Deturner ShampoONLY oraz delikatnej r\u0119kawicy do mycia. Bie\u017c\u0105cej piel\u0119gnacji dokonuj nie rzadziej ni\u017c co dwa tygodnie.<\/li>\n<li>Do piel\u0119gnacji usuwaj\u0105cej zanieczyszczenia mineralne w tym water spoty, u\u017cy\u0107 szamponu o kwa\u015bnym odczynie: Deturner Sour Shampoo &amp; Foam wg. zalece\u0144 na etykiecie. Poprawne u\u017cycie produktu spowoduje przywr\u00f3cenie nam w\u0142a\u015bciwo\u015bci hydrofobowych. Stosuj wtedy, kiedy efekt hydrofobowy zanika na powierzchni.<\/li>\n<li>Za ka\u017cdym razem powierzchnie dok\u0142adnie osuszy\u0107. Po myciu, pow\u0142ok\u0119 bez \u017cadnego problemu mo\u017cna wspomaga\u0107 produktem: Deturner Ceramic Detailer.<\/li>\n<\/ul>\n\t\t\t\t<\/div>\n\n\n\t\t\t<\/div>\n\n\t\t<\/div>\n\t<\/div>\n\n<\/section>\n\n<section class=\"coating-rec\" id=\"block_coatingrec\">\n\t<img style=\"transition-delay:400ms !important\" data-aos=\"fade-left\"\n\t\tsrc=\"https:\/\/deturner.com\/old\/wp-content\/themes\/basetheme\/images\/only_coating\/coating_rec.png\" class=\"coating-rec__img\">\n\n\n\n\t<div class=\"container\">\n\n\t\t<div class=\"row\">\n\t\t\t<div data-aos=\"fade\" class=\"col-lg-5 coating-rec__col\">\n\n\t\t\t\t<div class=\"text-x\">\n\t\t\t\t\t<h4>ZALECENIA:<\/h4>\n<ul>\n<li>Nie stosowa\u0107 na \u200bpowierzchniach: szklanych, gumowych, winylowych, materia\u0142owych, sk\u00f3rzanych.<\/li>\n<li>Nadmiar pow\u0142oki zetrze\u0107 w okre\u015blonym czasie, podanym w instrukcji. Pozostawiona na d\u0142u\u017cej stanie si\u0119 trudniejsza do usuni\u0119cia.<\/li>\n<li>Stosowa\u0107 \u015brodki ochrony osobistej w tym r\u0119kawice i maseczk\u0119.<\/li>\n<li>Nie stosowa\u0107 na rozgrzanych elementach oraz w pe\u0142nym s\u0142o\u0144cu.<\/li>\n<li>Nigdy nie stosowa\u0107 produktu na ca\u0142a\u0328 powierzchnie\u0328 pojazdu za jednym razem, stosowa\u0107 element po elemencie.<\/li>\n<li>Nie nara\u017ca\u0107 zabezpieczonej powierzchni na kontakt z woda\u0328 lub wilgoci\u0105 przez 24h po aplikacji, czas wi\u0105zania bezpo\u015bredniego pow\u0142oki zale\u017cny jest od temperatury i wilgotno\u015bci otoczenia.<\/li>\n<\/ul>\n<h4><\/h4>\n<h4>PRZECHOWYWANIE:<\/h4>\n<p>Pow\u0142oka przechowywana powinna by\u0107 w temperaturze 10-25\u00b0C.<br \/>\nPo otwarciu zu\u017cy\u0107 w ci\u0105gu 14 dni. Przed ka\u017cdym u\u017cyciem dok\u0142adnie wstrz\u0105sn\u0105\u0107\u0301 butelk\u0119.<\/p>\n\t\t\t\t<\/div>\n\n\t\t\t<\/div>\n\n\t\t<\/div>\n\t<\/div>\n\n<\/section>","protected":false},"excerpt":{"rendered":"","protected":false},"author":4,"featured_media":0,"parent":1119,"menu_order":0,"comment_status":"closed","ping_status":"closed","template":"","meta":[],"acf":[],"_links":{"self":[{"href":"https:\/\/deturner.com\/old\/wp-json\/wp\/v2\/pages\/1058"}],"collection":[{"href":"https:\/\/deturner.com\/old\/wp-json\/wp\/v2\/pages"}],"about":[{"href":"https:\/\/deturner.com\/old\/wp-json\/wp\/v2\/types\/page"}],"author":[{"embeddable":true,"href":"https:\/\/deturner.com\/old\/wp-json\/wp\/v2\/users\/4"}],"replies":[{"embeddable":true,"href":"https:\/\/deturner.com\/old\/wp-json\/wp\/v2\/comments?post=1058"}],"version-history":[{"count":29,"href":"https:\/\/deturner.com\/old\/wp-json\/wp\/v2\/pages\/1058\/revisions"}],"predecessor-version":[{"id":1171,"href":"https:\/\/deturner.com\/old\/wp-json\/wp\/v2\/pages\/1058\/revisions\/1171"}],"up":[{"embeddable":true,"href":"https:\/\/deturner.com\/old\/wp-json\/wp\/v2\/pages\/1119"}],"wp:attachment":[{"href":"https:\/\/deturner.com\/old\/wp-json\/wp\/v2\/media?parent=1058"}],"curies":[{"name":"wp","href":"https:\/\/api.w.org\/{rel}","templated":true}]}}